{"id":51,"date":"2022-01-05T20:32:53","date_gmt":"2022-01-05T20:32:53","guid":{"rendered":"https:\/\/wundermomente.eu\/?page_id=51"},"modified":"2022-01-07T22:23:19","modified_gmt":"2022-01-07T22:23:19","slug":"leistungsuebersicht-preise","status":"publish","type":"page","link":"https:\/\/wundermomente.eu\/index.php\/leistungsuebersicht-preise\/","title":{"rendered":"Leistungen &#038; Preise"},"content":{"rendered":"\n<h2 class=\"wp-block-heading\"><span style=\"color:#38b6ff\" class=\"has-inline-color\">Leistungen<\/span><\/h2>\n\n\n\n<p>Event- und Hochzeitsplanung: <\/p>\n\n\n\n<p>Buchung des Rundum-Sorglos-Pakets oder Unterst\u00fctzung von bzw. \u00dcbernahme von Teilbereichen, wie z.B.<\/p>\n\n\n\n<ul class=\"wp-block-list\"><li>Kennenlernen &amp; Vorgespr\u00e4ch (kostenlos)<\/li><li>Suche einer geeigneten Location<\/li><li>Save the Date, Einladungen und Dankeskarten<\/li><li>Dekorationkonzept<\/li><li>Unterhaltung, Spiele<\/li><li>Inspiration und Beratung<\/li><li>Emotionale Unterst\u00fctzung<\/li><li>Kostenkontrolle<\/li><li>Koordination \/Abstimmung \/ Zeitmanagement<\/li><li>Ausstattung und Beratung des Styling<\/li><\/ul>\n\n\n\n<p>Auswahl, Koordination und Organisation der Dienstleister:<\/p>\n\n\n\n<ul class=\"wp-block-list\"><li>Catering \/ Men\u00fcauswahl \/ Buffet \/ Kuchen \/Empfang<\/li><li>Konditoren<\/li><li>Fotografen<\/li><li>Floristen<\/li><li>DJs<\/li><li>Bands<\/li><li>Musikalische Unterhaltung<\/li><\/ul>\n\n\n\n<p>M\u00f6gliches Printmaterial:<\/p>\n\n\n\n<ul class=\"wp-block-list\"><li>Einladungskarten f\u00fcr Taufe, Geburtstag, Hochzeit, Beerdigungen etc.<\/li><li>Gru\u00dfkarten zu Weihnachten oder Geburt<\/li><li>Veranstaltungsflyer- oder Plakate<\/li><li>Dankeskarten<\/li><li>und viel mehr, denn alles was Ihr Euch vorstellt, k\u00f6nnen wir f\u00fcr Euch zaubern<\/li><\/ul>\n\n\n\n<h2 class=\"wp-block-heading\"><span style=\"color:#38b6ff\" class=\"has-inline-color\">Printmaterial und Webseite<\/span><\/h2>\n\n\n\n<p>Printmaterial<\/p>\n\n\n\n<p>Solltet Ihr Euer Printmaterial individueller und pers\u00f6nlicher gestalten wollen als das, was auf dem Markt vorhanden ist, sind wir daf\u00fcr die richtigen Ansprechpartner, da das Designen direkt durch uns, das Wundermomente-Team passiert.<\/p>\n\n\n\n<p>M\u00f6gliches Printmaterial:<\/p>\n\n\n\n<ul class=\"wp-block-list\"><li>Einladungskarten f\u00fcr Taufe, Geburtstag, Hochzeit, Beerdigungen etc.<\/li><li>Gru\u00dfkarten zu Weihnachten oder Geburt<\/li><li>Veranstaltungsflyer- oder Plakate<\/li><li>Dankeskarten<\/li><li>und viel mehr, denn alles was Ihr Euch vorstellt, k\u00f6nnen wir f\u00fcr Euch zaubern<\/li><\/ul>\n\n\n\n<p>Erstellen und Betreuen einer Webseite:<\/p>\n\n\n\n<p>F\u00fcr manche Veranstaltungsformate macht es manchmal Sinn, eine Webseite daf\u00fcr zu erstellen und den G\u00e4sten f\u00fcr detaillierte Informationen oder Anmeldungsm\u00f6glichkeit zur Verf\u00fcgung zu stellen.<\/p>\n\n\n\n<p>M\u00f6gliche Anl\u00e4sse, bei der eine solche Webseite Sinn macht:<\/p>\n\n\n\n<ul class=\"wp-block-list\"><li>Hochzeiten<\/li><li>Runde Geburtstage mit einer vergleichsweise hohen G\u00e4steanzahl<\/li><li>und nat\u00fcrlich f\u00fcr alle anderen Anl\u00e4sse, f\u00fcr die Ihr eine Webseite ben\u00f6tigt.<\/li><\/ul>\n\n\n\n<p>Solltet Ihr mit uns eine Veranstaltung planen, k\u00f6nnen wir Euch die Zusatzleistung der Erstellung des Printmaterial beziehungsweise der Webseite zus\u00e4tzlich mit anbieten, ohne es aus den H\u00e4nden zu geben. Somit habt Ihr die gleichen Ansprechpartner f\u00fcr alles rund um Eure Veranstaltung.<\/p>\n\n\n\n<p>Solltet Ihr nur an dieser Leistung interessiert sein und Eure Veranstaltung selbst planen wollen, ist das selbstverst\u00e4ndlich auch m\u00f6glich. Ihr entscheidet selbst, was Ihr in welchem Ma\u00dfe an uns abgeben wollt.<\/p>\n\n\n\n<h2 class=\"wp-block-heading\"><span style=\"color:#38b6ff\" class=\"has-inline-color\">Preise<\/span><\/h2>\n\n\n\n<p>Entweder wir begleiten Euch bei der gesamten Planung und Organisation der Feier oder aber wir greifen Euch bei einzelnen Teilbereichen unter die Arme und \u00fcbernehmen dabei bestimmte Aufgabengebiete. Was f\u00fcr Euch hier die optimale L\u00f6sung ist, k\u00f6nnen wir gerne bei einem unverbindlichem, kostenfreiem Kennenlerngespr\u00e4ch besprechen. Stimmt die Chemie, und kann ich auf Eure W\u00fcnsche und Erwartungen eingehen, kl\u00e4ren wir den Umfang unserer Arbeit.<\/p>\n\n\n\n<p>Unabh\u00e4ngig davon, f\u00fcr welche Leistungen Ihr Euch entscheidet, bekommt Ihr nach dem Kennenlernen ein Angebot von mir, das alle Leistungen und Kosten detailiert auff\u00fchrt, sodass Ihr fix planen k\u00f6nnt. <\/p>\n\n\n\n<p>Bei einer Buchung des Rundum-Sorglos-Pakets k\u00f6nnt Ihr grunds\u00e4tzlich mit circa 5-10 % des Gesamtbudgets Eurer Hochzeit rechnen. <\/p>\n\n\n\n<p>Wichtig zu wissen: Wir berechnen nicht auf Stundenbasis, sondern auch bei Buchung von einzelnen Modulen in Pauschalbetr\u00e4gen. Ihr habt somit von Anfang an transparente Kosten\u00fcbersicht und keine negativen \u00dcberraschungen.<\/p>\n","protected":false},"excerpt":{"rendered":"<p>Leistungen Event- und Hochzeitsplanung: Buchung des Rundum-Sorglos-Pakets oder Unterst\u00fctzung von bzw. \u00dcbernahme von Teilbereichen, wie z.B. Kennenlernen &amp; Vorgespr\u00e4ch (kostenlos) Suche einer geeigneten Location Save the Date, Einladungen und Dankeskarten Dekorationkonzept Unterhaltung, Spiele Inspiration und Beratung Emotionale Unterst\u00fctzung Kostenkontrolle Koordination \/Abstimmung \/ Zeitmanagement Ausstattung und Beratung des Styling Auswahl, Koordination und Organisation der Dienstleister: Catering&hellip; <a href=\"https:\/\/wundermomente.eu\/index.php\/leistungsuebersicht-preise\/\" class=\"more-link\">Weiterlesen <span class=\"screen-reader-text\">Leistungen &#038; Preise<\/span><\/a><\/p>\n","protected":false},"author":1,"featured_media":0,"parent":0,"menu_order":0,"comment_status":"closed","ping_status":"closed","template":"templates\/full-width-page.php","meta":{"footnotes":""},"class_list":["post-51","page","type-page","status-publish","hentry","without-featured-image"],"_links":{"self":[{"href":"https:\/\/wundermomente.eu\/index.php\/wp-json\/wp\/v2\/pages\/51","targetHints":{"allow":["GET"]}}],"collection":[{"href":"https:\/\/wundermomente.eu\/index.php\/wp-json\/wp\/v2\/pages"}],"about":[{"href":"https:\/\/wundermomente.eu\/index.php\/wp-json\/wp\/v2\/types\/page"}],"author":[{"embeddable":true,"href":"https:\/\/wundermomente.eu\/index.php\/wp-json\/wp\/v2\/users\/1"}],"replies":[{"embeddable":true,"href":"https:\/\/wundermomente.eu\/index.php\/wp-json\/wp\/v2\/comments?post=51"}],"version-history":[{"count":7,"href":"https:\/\/wundermomente.eu\/index.php\/wp-json\/wp\/v2\/pages\/51\/revisions"}],"predecessor-version":[{"id":109,"href":"https:\/\/wundermomente.eu\/index.php\/wp-json\/wp\/v2\/pages\/51\/revisions\/109"}],"wp:attachment":[{"href":"https:\/\/wundermomente.eu\/index.php\/wp-json\/wp\/v2\/media?parent=51"}],"curies":[{"name":"wp","href":"https:\/\/api.w.org\/{rel}","templated":true}]}}