{"id":49,"date":"2022-01-05T19:48:38","date_gmt":"2022-01-05T19:48:38","guid":{"rendered":"https:\/\/wundermomente.eu\/?page_id=49"},"modified":"2022-01-07T22:11:41","modified_gmt":"2022-01-07T22:11:41","slug":"design-und-webseite","status":"publish","type":"page","link":"https:\/\/wundermomente.eu\/index.php\/design-und-webseite\/","title":{"rendered":"Design &#038; Webseite"},"content":{"rendered":"\n<h2 class=\"wp-block-heading\"><span style=\"color:#38b6ff\" class=\"has-inline-color\">Design von Printmaterial<\/span><\/h2>\n\n\n\n<p>H\u00e4ufig m\u00f6chte man bei einem besonderes Fest, einer Feier oder Party die G\u00e4ste mit einer sch\u00f6nen Karte einladen  oder sich danach f\u00fcr die tollen Geschenke bedanken. In der gro\u00dfen, weiten Welt des Internets gibt es mittlerweile zahlreiche Angebote und Vorlagen, auf die man problemlos zur\u00fcckgreifen kann. Solltet Ihr es jedoch individueller und pers\u00f6nlicher gestalten wollen, sind wir daf\u00fcr die richtigen Ansprechpartner, da das Entwerfen direkt durch das Wundermomente-Team passiert. <\/p>\n\n\n\n<p>M\u00f6gliches Printmaterial:<\/p>\n\n\n\n<ul class=\"wp-block-list\"><li>Einladungskarten f\u00fcr Taufe, Geburtstag, Hochzeit, Beerdigungen etc.<\/li><li>Gru\u00dfkarten zu Weihnachten oder Geburt <\/li><li>Veranstaltungsflyer- oder Plakate<\/li><li>Dankeskarten <\/li><li>und viel mehr, denn alles was Ihr Euch vorstellt, k\u00f6nnen wir f\u00fcr Euch zaubern<\/li><\/ul>\n\n\n\n<h2 class=\"wp-block-heading\"><span style=\"color:#38b6ff\" class=\"has-inline-color\">Erstellen und Betreuen einer Webseite<\/span><\/h2>\n\n\n\n<p>F\u00fcr manche Veranstaltungsformate macht es manchmal Sinn, eine Webseite zu erstellen und den G\u00e4sten f\u00fcr detaillierte Informationen oder Anmeldungsm\u00f6glichkeit zur Verf\u00fcgung zu stellen. Der Vorteil einer Webseite ist der, dass man relativ unkompliziert und vor allem flexibel Informationen zur Veranstaltung aktualisieren oder entfernen kann. Als kompetente Ansprechpartner sind wir bei diesem Anliegen auch gerne f\u00fcr Euch da. <\/p>\n\n\n\n<p>M\u00f6gliche Anl\u00e4sse, bei der eine solche Webseite Sinn macht:<\/p>\n\n\n\n<ul class=\"wp-block-list\"><li>Hochzeiten<\/li><li>Runde Geburtstage mit einer vergleichsweise hohen G\u00e4steanzahl<\/li><li>und nat\u00fcrlich f\u00fcr alle anderen Anl\u00e4sse, f\u00fcr die Ihr eine Webseite ben\u00f6tigt. <\/li><\/ul>\n\n\n\n<h2 class=\"wp-block-heading\"><span style=\"color:#38b6ff\" class=\"has-inline-color\">Was uns auszeichnet<\/span><\/h2>\n\n\n\n<p>Wir sind stolz darauf, dass wir die Beratung, das Entwerfen und Designen und in Druck geben von Printmaterial sowie das Erstellen und Betreuen der zur Veranstaltung dazugeh\u00f6renden Webseite durch uns anbieten k\u00f6nnen und keine Drittanbieter und Kooperationen ben\u00f6tigen. Gregor, der Creative Designer in unserem Hause, steht Euch gerne bei Fragen oder Euren \u00dcberlegungen zur Verf\u00fcgung, um zu besprechen, ob und was in Eurem Fall sinnvoll ist.   <\/p>\n\n\n\n<p>Auch hier bieten wir Euch entweder das Rundum-Sorglos-Paket oder einzelne Leistungen an. So k\u00f6nnen wir beispielsweise nur das Aufsetzen der Webseite \u00fcbernehmen, sodass Ihr nach einer kurzen Einarbeitung diese selbstst\u00e4ndig mit Leben f\u00fcllen k\u00f6nnt. Das gilt auch f\u00fcr das Printmaterial: Wir k\u00f6nnen zusammen Ideen sammeln und das Entwerfen \u00fcbernehmt Ihr. Oder aber Ihr seid froh, dieses Thema in kompetenze H\u00e4nde zu \u00fcbergeben. Dann sorgen wir in enger Abstimmung mit Euch daf\u00fcr, dass das Printmaterial beziehungsweise die Webseite Euren Vorstellungen entspricht.  <\/p>\n\n\n\n<p>Solltet Ihr mit uns eine Veranstaltung planen, k\u00f6nnen wir Euch diese Leistung zus\u00e4tzlich mit anbieten, ohne es aus den H\u00e4nden zu geben. Somit habt Ihr die gleichen Ansprechpartner f\u00fcr alles rund um Eure Veranstaltung. <br><br>Solltet Ihr nur an dieser Leistung interessiert sein und Eure Veranstaltung selbst planen wollen, ist das selbstverst\u00e4ndlich auch m\u00f6glich. Ihr entscheidet selbst, was Ihr in welchem Ma\u00dfe an uns abgeben wollt. <br>Sprecht uns einfach an!<br><\/p>\n","protected":false},"excerpt":{"rendered":"<p>Design von Printmaterial H\u00e4ufig m\u00f6chte man bei einem besonderes Fest, einer Feier oder Party die G\u00e4ste mit einer sch\u00f6nen Karte einladen oder sich danach f\u00fcr die tollen Geschenke bedanken. In der gro\u00dfen, weiten Welt des Internets gibt es mittlerweile zahlreiche Angebote und Vorlagen, auf die man problemlos zur\u00fcckgreifen kann. Solltet Ihr es jedoch individueller und&hellip; <a href=\"https:\/\/wundermomente.eu\/index.php\/design-und-webseite\/\" class=\"more-link\">Weiterlesen <span class=\"screen-reader-text\">Design &#038; Webseite<\/span><\/a><\/p>\n","protected":false},"author":1,"featured_media":0,"parent":0,"menu_order":0,"comment_status":"closed","ping_status":"closed","template":"templates\/full-width-page.php","meta":{"footnotes":""},"class_list":["post-49","page","type-page","status-publish","hentry","without-featured-image"],"_links":{"self":[{"href":"https:\/\/wundermomente.eu\/index.php\/wp-json\/wp\/v2\/pages\/49","targetHints":{"allow":["GET"]}}],"collection":[{"href":"https:\/\/wundermomente.eu\/index.php\/wp-json\/wp\/v2\/pages"}],"about":[{"href":"https:\/\/wundermomente.eu\/index.php\/wp-json\/wp\/v2\/types\/page"}],"author":[{"embeddable":true,"href":"https:\/\/wundermomente.eu\/index.php\/wp-json\/wp\/v2\/users\/1"}],"replies":[{"embeddable":true,"href":"https:\/\/wundermomente.eu\/index.php\/wp-json\/wp\/v2\/comments?post=49"}],"version-history":[{"count":4,"href":"https:\/\/wundermomente.eu\/index.php\/wp-json\/wp\/v2\/pages\/49\/revisions"}],"predecessor-version":[{"id":106,"href":"https:\/\/wundermomente.eu\/index.php\/wp-json\/wp\/v2\/pages\/49\/revisions\/106"}],"wp:attachment":[{"href":"https:\/\/wundermomente.eu\/index.php\/wp-json\/wp\/v2\/media?parent=49"}],"curies":[{"name":"wp","href":"https:\/\/api.w.org\/{rel}","templated":true}]}}