{"id":44,"date":"2022-01-05T18:48:17","date_gmt":"2022-01-05T18:48:17","guid":{"rendered":"https:\/\/wundermomente.eu\/?page_id=44"},"modified":"2022-01-07T22:01:14","modified_gmt":"2022-01-07T22:01:14","slug":"feier-party","status":"publish","type":"page","link":"https:\/\/wundermomente.eu\/index.php\/feier-party\/","title":{"rendered":"Feier &#038; Party"},"content":{"rendered":"\n<p>Habt Ihr den Wunsch,  eine gr\u00f6\u00dfere (Geburstags-)Feier durchzuf\u00fchren und in vollen Z\u00fcgen zu genie\u00dfen, aber Euch fehlt das n\u00f6tige Know-how oder die Zeit f\u00fcr die richtige Planung und Organisation? Eine Eurer Liebsten hat bald Geburtstag und Ihr wollt ihr am sch\u00f6nsten Tag im Jahr mit einer geb\u00fchrenden Fete \u00fcberraschen? Es steht eine Taufe, Konfirmation oder ein Firmenfest an? Oder wollt Ihr seit Langem wieder als (Gro\u00df-)Familie zusammenkommen und gemeinsam feiern?<\/p>\n\n\n\n<p>Von der Idee und Organisation bis hin zur Durchf\u00fchrung Eurer Veranstaltung unterst\u00fctze ich Euch tatkr\u00e4ftig &#8211; gerne komplett oder auch nur in bestimmten Teilbereichen &#8211; je nachdem, was Ihr Euch vorstellt und w\u00fcnscht. <\/p>\n\n\n\n<p>Wenn Ihr Euch an mich wendet, k\u00f6nnt Ihr davon ausgehen, dass ich unser Bestes tue, die Feierlichkeit nach Euren pers\u00f6nlichen W\u00fcnschen und Vorstellungen zu planen und durchzuf\u00fchren. <br>Mit dem Wundermomente habt Ihr ein Team an der Seite, das mit Organisationstalent, Kreativit\u00e4t, Leidenschaft und positiver Ausstrahlung Euer Fest zu einem ganz pers\u00f6nlichen und unvergesslichen Tag wird. <\/p>\n\n\n\n<p>Ganz wichtig: Egal, welcher Anlass bei Euch ansteht: mit viel Freude und Verl\u00e4sslichkeit plane ich die Veranstaltung in enger Abstimmung mit Euch und \u00fcbernehme genau da, wo Ihr michbraucht. <\/p>\n\n\n\n<p>Wichtig zu wissen: Ich berechne nicht auf Stundenbasis, sondern auch bei Buchung von einzelnen Modulen in Pauschalbetr\u00e4gen. Ihr habt somit von Anfang an transparente Kosten\u00fcbersicht und keine negativen \u00dcberraschungen.<\/p>\n","protected":false},"excerpt":{"rendered":"<p>Habt Ihr den Wunsch, eine gr\u00f6\u00dfere (Geburstags-)Feier durchzuf\u00fchren und in vollen Z\u00fcgen zu genie\u00dfen, aber Euch fehlt das n\u00f6tige Know-how oder die Zeit f\u00fcr die richtige Planung und Organisation? Eine Eurer Liebsten hat bald Geburtstag und Ihr wollt ihr am sch\u00f6nsten Tag im Jahr mit einer geb\u00fchrenden Fete \u00fcberraschen? Es steht eine Taufe, Konfirmation oder&hellip; <a href=\"https:\/\/wundermomente.eu\/index.php\/feier-party\/\" class=\"more-link\">Weiterlesen <span class=\"screen-reader-text\">Feier &#038; Party<\/span><\/a><\/p>\n","protected":false},"author":1,"featured_media":0,"parent":0,"menu_order":0,"comment_status":"closed","ping_status":"closed","template":"templates\/grid-page.php","meta":{"footnotes":""},"class_list":["post-44","page","type-page","status-publish","hentry","without-featured-image"],"_links":{"self":[{"href":"https:\/\/wundermomente.eu\/index.php\/wp-json\/wp\/v2\/pages\/44","targetHints":{"allow":["GET"]}}],"collection":[{"href":"https:\/\/wundermomente.eu\/index.php\/wp-json\/wp\/v2\/pages"}],"about":[{"href":"https:\/\/wundermomente.eu\/index.php\/wp-json\/wp\/v2\/types\/page"}],"author":[{"embeddable":true,"href":"https:\/\/wundermomente.eu\/index.php\/wp-json\/wp\/v2\/users\/1"}],"replies":[{"embeddable":true,"href":"https:\/\/wundermomente.eu\/index.php\/wp-json\/wp\/v2\/comments?post=44"}],"version-history":[{"count":5,"href":"https:\/\/wundermomente.eu\/index.php\/wp-json\/wp\/v2\/pages\/44\/revisions"}],"predecessor-version":[{"id":103,"href":"https:\/\/wundermomente.eu\/index.php\/wp-json\/wp\/v2\/pages\/44\/revisions\/103"}],"wp:attachment":[{"href":"https:\/\/wundermomente.eu\/index.php\/wp-json\/wp\/v2\/media?parent=44"}],"curies":[{"name":"wp","href":"https:\/\/api.w.org\/{rel}","templated":true}]}}