{"id":40,"date":"2022-01-04T21:50:39","date_gmt":"2022-01-04T21:50:39","guid":{"rendered":"https:\/\/wundermomente.eu\/?page_id=40"},"modified":"2022-01-13T22:02:38","modified_gmt":"2022-01-13T22:02:38","slug":"hochzeitplanung","status":"publish","type":"page","link":"https:\/\/wundermomente.eu\/index.php\/hochzeitplanung\/","title":{"rendered":"Hochzeitsplanung"},"content":{"rendered":"\n<pre class=\"wp-block-verse has-normal-font-size\">\"Ja, ich will.\"<\/pre>\n\n\n\n<p>Sp\u00e4testens ab diesem Zeitpunkt beginnen h\u00e4ufig die \u00dcberlegungen, wie die perfekte Hochzeit aussehen soll. Damit einher kommt der wom\u00f6glich weniger sch\u00f6ne und romantische Teil: Organisation und Planung des perfekten Tages. Genau das f\u00fchrt in der Regel dazu, dass der Moment und die Gef\u00fchle des Verlobtseins in den Hintergrund geraten &#8211; und das ist sehr schade!<\/p>\n\n\n\n<p>Um dies zu vermeiden, bin ich genau daf\u00fcr da! Als Hochzeitsplanerin ist es f\u00fcr mich eine Herzensangelegenheit, Euch bei Eurer Hochzeit in Mannheim, in der Umgebung oder ganz woanders in Deutschland von Beginn an durch diese aufgregende Zeit zu begleiten und alle l\u00e4stige organisatorische und planerische Arbeit beziehungsweise auch nur die, die Ihr nicht haben wollt, zu \u00fcbernehmen. Dieser besondere Tag, an dem Ihr Eure Liebe feiert, soll unvergesslich bleiben!<\/p>\n\n\n\n<p>Je nachdem, was Ihr Euch vorstellt, bin ich vom Vorgespr\u00e4ch, den Feierlichkeiten und im Nachgang gerne an Eurer Seite und sorge f\u00fcr eine gelungene Organisation, damit Ihr die intensive Phase vor der Hochzeit stressfrei, entspannt erleben und in vollen Z\u00fcgen genie\u00dfen k\u00f6nnt. Aus meiner Sicht geh\u00f6rt zu der aufregenden Entscheidungsphase, wie die Hochzeit sein soll, n\u00e4mlich auch ganz viel Spa\u00df, der nicht zu kurz kommen darf. <\/p>\n\n\n\n<p>Was ich Euch anbieten kann:<\/p>\n\n\n\n<p>Ich unterst\u00fctze Euch sehr gerne mit sehr viel Taktgef\u00fchl und Einf\u00fchlungsverm\u00f6gen in einzelnen Bereichen der Planung bis hin zum Rundum-Sorglos-Paket oder beim Vorsortieren der vielen M\u00f6glichkeiten. <\/p>\n\n\n\n<p>Bei meiner Arbeit f\u00fcr Euch gehe ich sehr individuell auf Eure W\u00fcnsche, \u00dcberlegungen und Rahmenbedingugen ein, sodass der Tag genauso wird, wie Ihr Euch ihn vorgestellt habt. Dabei k\u00f6nnt Ihr selbstverst\u00e4ndlich Eure Ideen jederzeit miteinflie\u00dfen lassen: Strandhochzeit, im Vintage-Stil oder doch klassisch \/ modern? Das Wundermomente-Team macht es m\u00f6glich!<\/p>\n\n\n\n<p>Mein Angebot-Repertoire f\u00fcr Euch:&nbsp;<\/p>\n\n\n\n<ul class=\"wp-block-list\"><li>Kennenlernen &amp; Vorgespr\u00e4ch (kostenlos)<\/li><li>Suche einer geeigneten Location<\/li><li>Save the Date, Einladungen und Dankeskarten<\/li><li>Dekorationkonzept<\/li><li>Unterhaltung, Spiele<\/li><li>Inspiration und Beratung<\/li><li>Emotionale Unterst\u00fctzung<\/li><li>Kostenkontrolle<\/li><li>Koordination \/Abstimmung \/ Zeitmanagement<\/li><li>Ausstattung und Beratung des Styling<\/li><\/ul>\n\n\n\n<p><br>Auswahl, Koordination und Organisation der Dienstleister:<\/p>\n\n\n\n<ul class=\"wp-block-list\"><li>Catering \/ Men\u00fcauswahl \/ Buffet \/ Kuchen \/ Empfang<\/li><li>Konditoren<\/li><li>Fotografen<\/li><li>Floristen<\/li><li>DJs<\/li><li>Bands<\/li><li>Musikalische Unterhaltung<\/li><\/ul>\n\n\n\n<p><br>Ideen und Austausch f\u00fcr<br><\/p>\n\n\n\n<ul class=\"wp-block-list\"><li>Kinderbetreuung<\/li><li>Unterhaltungsprogramm<\/li><li>Spielauswahl<\/li><li>Organisation von Br\u00e4uchen<\/li><\/ul>\n\n\n\n<p>Dabei k\u00f6nnt Ihr das Gesamtpaket buchen oder einzelne Module zusammenstellen. <\/p>\n\n\n\n<p>Schickt mir gerne eine Anfrage mit Euren Vorstellungen und ben\u00f6tigter Unterst\u00fctzung und ich stelle Euch ein individuelles Angebot zusammen. <\/p>\n\n\n\n<p>Wichtig zu wissen: Ich berechne nicht auf Stundenbasis, sondern auch bei Buchung von einzelnen Modulen in Pauschalbetr\u00e4gen. Ihr habt somit von Anfang an transparente Kosten\u00fcbersicht und keine negativen \u00dcberraschungen. <\/p>\n","protected":false},"excerpt":{"rendered":"<p>&#8222;Ja, ich will.&#8220; Sp\u00e4testens ab diesem Zeitpunkt beginnen h\u00e4ufig die \u00dcberlegungen, wie die perfekte Hochzeit aussehen soll. Damit einher kommt der wom\u00f6glich weniger sch\u00f6ne und romantische Teil: Organisation und Planung des perfekten Tages. Genau das f\u00fchrt in der Regel dazu, dass der Moment und die Gef\u00fchle des Verlobtseins in den Hintergrund geraten &#8211; und das&hellip; <a href=\"https:\/\/wundermomente.eu\/index.php\/hochzeitplanung\/\" class=\"more-link\">Weiterlesen <span class=\"screen-reader-text\">Hochzeitsplanung<\/span><\/a><\/p>\n","protected":false},"author":1,"featured_media":0,"parent":0,"menu_order":0,"comment_status":"closed","ping_status":"closed","template":"templates\/full-width-page.php","meta":{"footnotes":""},"class_list":["post-40","page","type-page","status-publish","hentry","without-featured-image"],"_links":{"self":[{"href":"https:\/\/wundermomente.eu\/index.php\/wp-json\/wp\/v2\/pages\/40","targetHints":{"allow":["GET"]}}],"collection":[{"href":"https:\/\/wundermomente.eu\/index.php\/wp-json\/wp\/v2\/pages"}],"about":[{"href":"https:\/\/wundermomente.eu\/index.php\/wp-json\/wp\/v2\/types\/page"}],"author":[{"embeddable":true,"href":"https:\/\/wundermomente.eu\/index.php\/wp-json\/wp\/v2\/users\/1"}],"replies":[{"embeddable":true,"href":"https:\/\/wundermomente.eu\/index.php\/wp-json\/wp\/v2\/comments?post=40"}],"version-history":[{"count":10,"href":"https:\/\/wundermomente.eu\/index.php\/wp-json\/wp\/v2\/pages\/40\/revisions"}],"predecessor-version":[{"id":152,"href":"https:\/\/wundermomente.eu\/index.php\/wp-json\/wp\/v2\/pages\/40\/revisions\/152"}],"wp:attachment":[{"href":"https:\/\/wundermomente.eu\/index.php\/wp-json\/wp\/v2\/media?parent=40"}],"curies":[{"name":"wp","href":"https:\/\/api.w.org\/{rel}","templated":true}]}}