{"id":17,"date":"2022-01-04T10:43:21","date_gmt":"2022-01-04T10:43:21","guid":{"rendered":"https:\/\/wundermomente.eu\/?page_id=17"},"modified":"2022-01-13T22:00:01","modified_gmt":"2022-01-13T22:00:01","slug":"wer-wir-sind","status":"publish","type":"page","link":"https:\/\/wundermomente.eu\/index.php\/wer-wir-sind\/","title":{"rendered":"\u00dcber uns"},"content":{"rendered":"\n<div class=\"wp-block-image is-style-rounded\"><figure class=\"alignleft size-large is-resized\"><img loading=\"lazy\" decoding=\"async\" src=\"https:\/\/wundermomente.eu\/wp-content\/uploads\/2022\/01\/IMGP7947-768x1024.jpg\" alt=\"\" class=\"wp-image-84\" width=\"391\" height=\"522\" srcset=\"https:\/\/wundermomente.eu\/wp-content\/uploads\/2022\/01\/IMGP7947-768x1024.jpg 768w, https:\/\/wundermomente.eu\/wp-content\/uploads\/2022\/01\/IMGP7947-225x300.jpg 225w, https:\/\/wundermomente.eu\/wp-content\/uploads\/2022\/01\/IMGP7947-1152x1536.jpg 1152w, https:\/\/wundermomente.eu\/wp-content\/uploads\/2022\/01\/IMGP7947-1536x2048.jpg 1536w, https:\/\/wundermomente.eu\/wp-content\/uploads\/2022\/01\/IMGP7947-scaled.jpg 1920w\" sizes=\"auto, (max-width: 391px) 100vw, 391px\" \/><\/figure><\/div>\n\n\n\n<h2 class=\"wp-block-heading\"><span style=\"color:#38b6ff\" class=\"has-inline-color\">Olga<br>Eventmanagerin &amp; Hochzeitsplanerin<\/span> <\/h2>\n\n\n\n<p>Meine Leidenschaft und Freude an der Planung und der Durchf\u00fchrung von Veranstaltungen habe ich schon sehr fr\u00fch bemerkt. Das in Kombination mit meinem Organisationstalent, Zeitmanagement sowie meiner Empathie und Zuverl\u00e4sslichkeit f\u00fchrten mich relativ fr\u00fch in die Welt der Veranstaltungsplanung.  <br><br>Als Hochzeits- und Eventplanerin im <span style=\"color:#38b6ff\" class=\"has-inline-color\">Wundermomente<\/span>-Team habe ich die verschiedensten Veranstaltungsformate deutschland- und weltweit auf die Beine gestellt hat und freue mich sehr, auch Euch auf dem Weg zum perfekten Fest zu begleiten. Dabei gehe ich selbstverst\u00e4ndlich komplett auf Eure Vorstellungen und W\u00fcnsche ein und respektiere Euer Budget. Egal, ob Ihr bereits genau wisst, wie die Feier oder Party auszusehen hat oder ob Ihr zun\u00e4chst Inspirationen braucht &#8211; alles ist m\u00f6glich. F\u00fcr mich ist einzig und allein wichtig, dass Ihr und Eure G\u00e4ste sich gerne an diesen Tag zur\u00fcckerinnern.  <\/p>\n\n\n\n<p><\/p>\n\n\n\n<p><\/p>\n\n\n\n<div class=\"wp-block-image is-style-rounded\"><figure class=\"alignleft size-large is-resized\"><img loading=\"lazy\" decoding=\"async\" src=\"https:\/\/wundermomente.eu\/wp-content\/uploads\/2022\/01\/IMGP8065-768x1024.jpg\" alt=\"\" class=\"wp-image-85\" width=\"373\" height=\"497\" srcset=\"https:\/\/wundermomente.eu\/wp-content\/uploads\/2022\/01\/IMGP8065-768x1024.jpg 768w, https:\/\/wundermomente.eu\/wp-content\/uploads\/2022\/01\/IMGP8065-225x300.jpg 225w, https:\/\/wundermomente.eu\/wp-content\/uploads\/2022\/01\/IMGP8065-1152x1536.jpg 1152w, https:\/\/wundermomente.eu\/wp-content\/uploads\/2022\/01\/IMGP8065-1536x2048.jpg 1536w, https:\/\/wundermomente.eu\/wp-content\/uploads\/2022\/01\/IMGP8065-scaled.jpg 1920w\" sizes=\"auto, (max-width: 373px) 100vw, 373px\" \/><\/figure><\/div>\n\n\n\n<p><\/p>\n\n\n\n<h2 class=\"wp-block-heading\"><span style=\"color:#38b6ff\" class=\"has-inline-color\">Gregor<br>Creative Designer <\/span><\/h2>\n\n\n\n<p>Ich bin im <span style=\"color:#38b6ff\" class=\"has-inline-color\">Wundermomente<\/span>-Team der Creative Designer mit informationstechnischem Hintergrund. Mit meinem Know-How, kreativen Kopf und gesundem Perfektionismus bringe ich vielerlei Erfahrung beim Designen von Printmaterial sowie Erstellen und Betreuen von Webseiten f\u00fcr Eure ganz individuelle Veranstaltung mit.<\/p>\n\n\n\n<p>Dabei kann ich zum Einen die Beraterfunktion einnehmen, wenn es um Ideen und Inspirationen bei der Gestaltung beispielsweise Eurer Einladungskarten, Plakate oder Flyer geht. Zum anderen kann ich Euch auch w\u00e4hrend des ganzen Planungsprozesses unterst\u00fctzen, indem ich das Printmaterial f\u00fcr Euch designe oder die Webseite baue und betreue. Und das nat\u00fcrlich ganz nach Euren Vorstellungen und W\u00fcnschen.<\/p>\n\n\n\n<p><\/p>\n\n\n\n<p><\/p>\n\n\n\n<p><\/p>\n","protected":false},"excerpt":{"rendered":"<p>OlgaEventmanagerin &amp; Hochzeitsplanerin Meine Leidenschaft und Freude an der Planung und der Durchf\u00fchrung von Veranstaltungen habe ich schon sehr fr\u00fch bemerkt. Das in Kombination mit meinem Organisationstalent, Zeitmanagement sowie meiner Empathie und Zuverl\u00e4sslichkeit f\u00fchrten mich relativ fr\u00fch in die Welt der Veranstaltungsplanung. Als Hochzeits- und Eventplanerin im Wundermomente-Team habe ich die verschiedensten Veranstaltungsformate deutschland- und&hellip; <a href=\"https:\/\/wundermomente.eu\/index.php\/wer-wir-sind\/\" class=\"more-link\">Weiterlesen <span class=\"screen-reader-text\">\u00dcber uns<\/span><\/a><\/p>\n","protected":false},"author":1,"featured_media":0,"parent":0,"menu_order":0,"comment_status":"closed","ping_status":"closed","template":"templates\/full-width-page.php","meta":{"footnotes":""},"class_list":["post-17","page","type-page","status-publish","hentry","without-featured-image"],"_links":{"self":[{"href":"https:\/\/wundermomente.eu\/index.php\/wp-json\/wp\/v2\/pages\/17","targetHints":{"allow":["GET"]}}],"collection":[{"href":"https:\/\/wundermomente.eu\/index.php\/wp-json\/wp\/v2\/pages"}],"about":[{"href":"https:\/\/wundermomente.eu\/index.php\/wp-json\/wp\/v2\/types\/page"}],"author":[{"embeddable":true,"href":"https:\/\/wundermomente.eu\/index.php\/wp-json\/wp\/v2\/users\/1"}],"replies":[{"embeddable":true,"href":"https:\/\/wundermomente.eu\/index.php\/wp-json\/wp\/v2\/comments?post=17"}],"version-history":[{"count":10,"href":"https:\/\/wundermomente.eu\/index.php\/wp-json\/wp\/v2\/pages\/17\/revisions"}],"predecessor-version":[{"id":151,"href":"https:\/\/wundermomente.eu\/index.php\/wp-json\/wp\/v2\/pages\/17\/revisions\/151"}],"wp:attachment":[{"href":"https:\/\/wundermomente.eu\/index.php\/wp-json\/wp\/v2\/media?parent=17"}],"curies":[{"name":"wp","href":"https:\/\/api.w.org\/{rel}","templated":true}]}}